{"id":4360,"date":"2022-04-04T17:45:37","date_gmt":"2022-04-04T16:45:37","guid":{"rendered":"https:\/\/badgersportswear.co.uk\/stockholm-sharks-rugby-club-shop\/basket\/"},"modified":"2022-04-08T10:23:08","modified_gmt":"2022-04-08T09:23:08","slug":"basket","status":"publish","type":"page","link":"https:\/\/badgersportswear.co.uk\/stockholm-sharks-rugby-club-shop\/basket\/","title":{"rendered":"Basket"},"content":{"rendered":"\n\t<section class=\"section\" id=\"section_1815859812\">\n\t\t<div class=\"section-bg fill\" >\n\t\t\t\t\t\t\t\t\t\n\t\t\t\n\n\t\t<\/div>\n\n\t\t\n\n\t\t<div class=\"section-content relative\">\n\t\t\t\n\n<p><strong>Important information: <\/strong><\/p>\n<p>There will be additional costs when your order arrives in Sweden which must be paid before your order is dispatched. For orders with a product value under 1600 sek you will only need to pay Swedish VAT. For orders with a product value exceeding 1600 sek you will need to pay custom duties and Swedish VAT. The VAT will be based on the total amount of the order (inclusive of item(s) value, postage fee and toll duties)<\/p>\n<p>For official information please visit; <a href=\"https:\/\/www.tullverket.se\/sv\/privat\/skaduhandlapanatet\/braattvetainnanduhandlarpanatet.4.792224361590183a4d31073.html\">https:\/\/www.tullverket.se\/sv\/privat\/skaduhandlapanatet\/braattvetainnanduhandlarpanatet.4.792224361590183a4d31073.html<\/a><\/p>\n<p>Please note: the customer assumes full responsibility of the additional costs, which are listed above.<\/p>\n<p><strong>Viktig information:<\/strong> <\/p>\n<p>Ytterligare avgifter kommer tillkomma n\u00e4r ditt paket f\u00f6rs in i Sverige, dessa avgifter m\u00e5ste betalas av dig innan leverans.<br \/>F\u00f6r best\u00e4llningar med ett totalt varuv\u00e4rde under 1600 SEK kommer du bara beh\u00f6va betala moms i Sverige.<br \/>F\u00f6r best\u00e4llningar med ett totalt varuv\u00e4rde \u00f6ver 1600 SEK tillkommer b\u00e5de moms samt tullavgifter.<br \/>Momsen baseras p\u00e5 den totala ordersumman (dvs. totala varuv\u00e4rdet samt frakt och tullavgifter).<br \/><br \/>F\u00f6r aktuell och g\u00e4llande information, v\u00e4nligen klicka p\u00e5 denna l\u00e4nk, det \u00e4r viktigt att du sj\u00e4lv kontrollerar aktuella avgifter f\u00f6r inf\u00f6rsel innan orderl\u00e4ggning d\u00e5 dessa kan \u00e4ndras; https:\/\/www.tullverket.se\/sv\/privat\/skaduhandlapanatet\/braattvetainnanduhandlarpanatet.4.792224361590183a4d31073.html<br \/>OBS: Allt ansvar g\u00e4llande ovanst\u00e5ende avgifter ligger p\u00e5 konsumenten.<\/p>\n\n\t\t<\/div>\n\n\t\t\n<style>\n#section_1815859812 {\n  padding-top: 30px;\n  padding-bottom: 30px;\n}\n<\/style>\n\t<\/section>\n\t\n\n\n<p>","protected":false},"excerpt":{"rendered":"","protected":false},"author":1,"featured_media":0,"parent":0,"menu_order":0,"comment_status":"closed","ping_status":"closed","template":"","meta":{"footnotes":""},"class_list":["post-4360","page","type-page","status-publish","hentry"],"_links":{"self":[{"href":"https:\/\/badgersportswear.co.uk\/stockholm-sharks-rugby-club-shop\/wp-json\/wp\/v2\/pages\/4360"}],"collection":[{"href":"https:\/\/badgersportswear.co.uk\/stockholm-sharks-rugby-club-shop\/wp-json\/wp\/v2\/pages"}],"about":[{"href":"https:\/\/badgersportswear.co.uk\/stockholm-sharks-rugby-club-shop\/wp-json\/wp\/v2\/types\/page"}],"author":[{"embeddable":true,"href":"https:\/\/badgersportswear.co.uk\/stockholm-sharks-rugby-club-shop\/wp-json\/wp\/v2\/users\/1"}],"replies":[{"embeddable":true,"href":"https:\/\/badgersportswear.co.uk\/stockholm-sharks-rugby-club-shop\/wp-json\/wp\/v2\/comments?post=4360"}],"version-history":[{"count":4,"href":"https:\/\/badgersportswear.co.uk\/stockholm-sharks-rugby-club-shop\/wp-json\/wp\/v2\/pages\/4360\/revisions"}],"predecessor-version":[{"id":4384,"href":"https:\/\/badgersportswear.co.uk\/stockholm-sharks-rugby-club-shop\/wp-json\/wp\/v2\/pages\/4360\/revisions\/4384"}],"wp:attachment":[{"href":"https:\/\/badgersportswear.co.uk\/stockholm-sharks-rugby-club-shop\/wp-json\/wp\/v2\/media?parent=4360"}],"curies":[{"name":"wp","href":"https:\/\/api.w.org\/{rel}","templated":true}]}}